{"id":25677,"date":"2025-02-21T17:07:43","date_gmt":"2025-02-21T15:07:43","guid":{"rendered":"https:\/\/chaniataxinow.gr\/?page_id=25677"},"modified":"2025-02-21T17:15:35","modified_gmt":"2025-02-21T15:15:35","slug":"thankyou","status":"publish","type":"page","link":"https:\/\/chaniataxinow.gr\/is\/thankyou\/","title":{"rendered":"Thank you"},"content":{"rendered":"<div data-elementor-type=\"wp-page\" data-elementor-id=\"25677\" class=\"elementor elementor-25677\" data-elementor-post-type=\"page\">\n\t\t\t\t<div class=\"elementor-element elementor-element-7faebc98 e-flex e-con-boxed e-con e-parent\" data-id=\"7faebc98\" data-element_type=\"container\" data-e-type=\"container\" data-settings=\"{&quot;background_background&quot;:&quot;classic&quot;}\">\n\t\t\t\t\t<div class=\"e-con-inner\">\n\t\t\t\t\t<\/div>\n\t\t\t\t<\/div>\n\t\t<div class=\"elementor-element elementor-element-4ec3cea e-flex e-con-boxed e-con e-parent\" data-id=\"4ec3cea\" data-element_type=\"container\" data-e-type=\"container\" data-settings=\"{&quot;background_background&quot;:&quot;classic&quot;}\">\n\t\t\t\t\t<div class=\"e-con-inner\">\n\t\t\t\t<div class=\"elementor-element elementor-element-057af1c elementor-widget elementor-widget-heading\" data-id=\"057af1c\" data-element_type=\"widget\" data-e-type=\"widget\" data-widget_type=\"heading.default\">\n\t\t\t\t<div class=\"elementor-widget-container\">\n\t\t\t\t\t<h2 class=\"elementor-heading-title elementor-size-default\">Thank you for contacting us!<\/h2>\t\t\t\t<\/div>\n\t\t\t\t<\/div>\n\t\t\t\t\t<\/div>\n\t\t\t\t<\/div>\n\t\t<div class=\"elementor-element elementor-element-90aea1b e-flex e-con-boxed e-con e-parent\" data-id=\"90aea1b\" data-element_type=\"container\" data-e-type=\"container\" data-settings=\"{&quot;background_background&quot;:&quot;classic&quot;}\">\n\t\t\t\t\t<div class=\"e-con-inner\">\n\t\t\t\t<div class=\"elementor-element elementor-element-76b113a elementor-widget elementor-widget-text-editor\" data-id=\"76b113a\" data-element_type=\"widget\" data-e-type=\"widget\" data-widget_type=\"text-editor.default\">\n\t\t\t\t<div class=\"elementor-widget-container\">\n\t\t\t\t\t\t\t\t\t<p>Thank you for contacting us, our team will get back to you as soon as possible.<\/p>\t\t\t\t\t\t\t\t<\/div>\n\t\t\t\t<\/div>\n\t\t\t\t\t<\/div>\n\t\t\t\t<\/div>\n\t\t<div class=\"elementor-element elementor-element-036f130 e-flex e-con-boxed e-con e-parent\" data-id=\"036f130\" data-element_type=\"container\" data-e-type=\"container\" data-settings=\"{&quot;background_background&quot;:&quot;classic&quot;}\">\n\t\t\t\t\t<div class=\"e-con-inner\">\n\t\t\t\t<div class=\"elementor-element elementor-element-d164a3a elementor-widget elementor-widget-spacer\" data-id=\"d164a3a\" data-element_type=\"widget\" data-e-type=\"widget\" data-widget_type=\"spacer.default\">\n\t\t\t\t<div class=\"elementor-widget-container\">\n\t\t\t\t\t\t\t<div class=\"elementor-spacer\">\n\t\t\t<div class=\"elementor-spacer-inner\"><\/div>\n\t\t<\/div>\n\t\t\t\t\t\t<\/div>\n\t\t\t\t<\/div>\n\t\t\t\t\t<\/div>\n\t\t\t\t<\/div>\n\t\t\t\t<\/div>","protected":false},"excerpt":{"rendered":"<p>\u00deakka \u00fe\u00e9r fyrir a\u00f0 hafa samband vi\u00f0 okkur! \u00deakka \u00fe\u00e9r fyrir a\u00f0 hafa samband vi\u00f0 okkur, okkar li\u00f0 vilja komast aftur til ykkar eins flj\u00f3tt og au\u00f0i\u00f0 er.<\/p>","protected":false},"author":1,"featured_media":0,"parent":0,"menu_order":0,"comment_status":"closed","ping_status":"closed","template":"elementor_header_footer","meta":{"footnotes":""},"categories":[],"tags":[],"class_list":["post-25677","page","type-page","status-publish","hentry"],"_links":{"self":[{"href":"https:\/\/chaniataxinow.gr\/is\/wp-json\/wp\/v2\/pages\/25677","targetHints":{"allow":["GET"]}}],"collection":[{"href":"https:\/\/chaniataxinow.gr\/is\/wp-json\/wp\/v2\/pages"}],"about":[{"href":"https:\/\/chaniataxinow.gr\/is\/wp-json\/wp\/v2\/types\/page"}],"author":[{"embeddable":true,"href":"https:\/\/chaniataxinow.gr\/is\/wp-json\/wp\/v2\/users\/1"}],"replies":[{"embeddable":true,"href":"https:\/\/chaniataxinow.gr\/is\/wp-json\/wp\/v2\/comments?post=25677"}],"version-history":[{"count":16,"href":"https:\/\/chaniataxinow.gr\/is\/wp-json\/wp\/v2\/pages\/25677\/revisions"}],"predecessor-version":[{"id":25696,"href":"https:\/\/chaniataxinow.gr\/is\/wp-json\/wp\/v2\/pages\/25677\/revisions\/25696"}],"wp:attachment":[{"href":"https:\/\/chaniataxinow.gr\/is\/wp-json\/wp\/v2\/media?parent=25677"}],"wp:term":[{"taxonomy":"category","embeddable":true,"href":"https:\/\/chaniataxinow.gr\/is\/wp-json\/wp\/v2\/categories?post=25677"},{"taxonomy":"post_tag","embeddable":true,"href":"https:\/\/chaniataxinow.gr\/is\/wp-json\/wp\/v2\/tags?post=25677"}],"curies":[{"name":"wp","href":"https:\/\/api.w.org\/{rel}","templated":true}]}}