{"id":25298,"date":"2025-01-22T19:43:32","date_gmt":"2025-01-22T17:43:32","guid":{"rendered":"https:\/\/chaniataxinow.gr\/?page_id=25298"},"modified":"2025-06-03T19:03:43","modified_gmt":"2025-06-03T16:03:43","slug":"pricelist","status":"publish","type":"page","link":"https:\/\/chaniataxinow.gr\/fr\/pricelist\/","title":{"rendered":"liste de prix"},"content":{"rendered":"<div data-elementor-type=\"wp-page\" data-elementor-id=\"25298\" class=\"elementor elementor-25298\" data-elementor-post-type=\"page\">\n\t\t\t\t<div class=\"elementor-element elementor-element-5de428be e-flex e-con-boxed e-con e-parent\" data-id=\"5de428be\" data-element_type=\"container\" data-e-type=\"container\" data-settings=\"{&quot;background_background&quot;:&quot;gradient&quot;,&quot;shape_divider_bottom&quot;:&quot;waves&quot;}\">\n\t\t\t\t\t<div class=\"e-con-inner\">\n\t\t\t\t<div class=\"elementor-shape elementor-shape-bottom\" aria-hidden=\"true\" data-negative=\"false\">\n\t\t\t<svg xmlns=\"http:\/\/www.w3.org\/2000\/svg\" viewbox=\"0 0 1000 100\" preserveaspectratio=\"none\">\n\t<path class=\"elementor-shape-fill\" d=\"M421.9,6.5c22.6-2.5,51.5,0.4,75.5,5.3c23.6,4.9,70.9,23.5,100.5,35.7c75.8,32.2,133.7,44.5,192.6,49.7\tc23.6,2.1,48.7,3.5,103.4-2.5c54.7-6,106.2-25.6,106.2-25.6V0H0v30.3c0,0,72,32.6,158.4,30.5c39.2-0.7,92.8-6.7,134-22.4\tc21.2-8.1,52.2-18.2,79.7-24.2C399.3,7.9,411.6,7.5,421.9,6.5z\"\/>\n<\/svg>\t\t<\/div>\n\t\t\t\t<div class=\"elementor-element elementor-element-315824c4 elementor-widget elementor-widget-heading\" data-id=\"315824c4\" data-element_type=\"widget\" data-e-type=\"widget\" data-widget_type=\"heading.default\">\n\t\t\t\t<div class=\"elementor-widget-container\">\n\t\t\t\t\t<h1 class=\"elementor-heading-title elementor-size-default\">Pricelist<\/h1>\t\t\t\t<\/div>\n\t\t\t\t<\/div>\n\t\t\t\t<div class=\"elementor-element elementor-element-de1f64e elementor-widget elementor-widget-heading\" data-id=\"de1f64e\" data-element_type=\"widget\" data-e-type=\"widget\" data-widget_type=\"heading.default\">\n\t\t\t\t<div class=\"elementor-widget-container\">\n\t\t\t\t\t<h3 class=\"elementor-heading-title elementor-size-default translation-block\">Voici les prix indicatifs pour les transferts depuis et vers l'a\u00e9roport de Chania.\n\nEt n'oubliez pas !\n\nR\u00e9servez un transfert aller-retour et b\u00e9n\u00e9ficiez d'une r\u00e9duction de 10% sur le voyage de retour.\n\nFaites votre r\u00e9servation via le formulaire.<\/h3>\t\t\t\t<\/div>\n\t\t\t\t<\/div>\n\t\t\t\t<div class=\"elementor-element elementor-element-cfa135c elementor-align-center elementor-widget elementor-widget-button\" data-id=\"cfa135c\" data-element_type=\"widget\" data-e-type=\"widget\" data-widget_type=\"button.default\">\n\t\t\t\t<div class=\"elementor-widget-container\">\n\t\t\t\t\t\t\t\t\t<div class=\"elementor-button-wrapper\">\n\t\t\t\t\t<a class=\"elementor-button elementor-button-link elementor-size-sm\" href=\"https:\/\/chaniataxinow.gr\/fr\/\">\n\t\t\t\t\t\t<span class=\"elementor-button-content-wrapper\">\n\t\t\t\t\t\t\t\t\t<span class=\"elementor-button-text\">R\u00e9servez votre course ! Cliquez ici.<\/span>\n\t\t\t\t\t<\/span>\n\t\t\t\t\t<\/a>\n\t\t\t\t<\/div>\n\t\t\t\t\t\t\t\t<\/div>\n\t\t\t\t<\/div>\n\t\t\t\t\t<\/div>\n\t\t\t\t<\/div>\n\t\t<div class=\"elementor-element elementor-element-8fbdcdc e-flex e-con-boxed e-con e-parent\" data-id=\"8fbdcdc\" data-element_type=\"container\" data-e-type=\"container\">\n\t\t\t\t\t<div class=\"e-con-inner\">\n\t\t\t\t<div class=\"elementor-element elementor-element-1c54d8b elementor-widget elementor-widget-html\" data-id=\"1c54d8b\" data-element_type=\"widget\" data-e-type=\"widget\" data-widget_type=\"html.default\">\n\t\t\t\t<div class=\"elementor-widget-container\">\n\t\t\t\t\t<table style=\"width: 100%; border-collapse: collapse; font-family: Arial, sans-serif; border-radius: 10px; overflow: hidden; box-shadow: 0 4px 6px rgba(0, 0, 0, 0.1); background-color: #042122; color: #ffffff;\">\n<thead>\n<tr style=\"background-color: #093a3e;\">\n<th style=\"border: 1px solid #ddd; padding: 12px; text-align: left; font-weight: bold; color: #ffffff;\">Destination<\/th>\n<th style=\"border: 1px solid #ddd; padding: 12px; text-align: left; font-weight: bold; color: #ffffff;\">Taxi (&euro;) \ud83d\ude96<\/th>\n<th style=\"border: 1px solid #ddd; padding: 12px; text-align: left; font-weight: bold; color: #ffffff;\">Van (&euro;) \ud83d\ude8c<\/th>\n<\/tr>\n<\/thead>\n<tbody>\n<tr>\n<td style=\"border: 1px solid #ddd; padding: 12px;\">destination<\/td>\n<td style=\"border: 1px solid #ddd; padding: 12px;\">30<\/td>\n<td style=\"border: 1px solid #ddd; padding: 12px;\">45<\/td>\n<\/tr>\n<tr style=\"background-color: #0a4d4f;\">\n<td style=\"border: 1px solid #ddd; padding: 12px;\">Chrisi Akti<\/td>\n<td style=\"border: 1px solid #ddd; padding: 12px;\">38<\/td>\n<td style=\"border: 1px solid #ddd; padding: 12px;\">57<\/td>\n<\/tr>\n<tr>\n<td style=\"border: 1px solid #ddd; padding: 12px;\">Agioi Apostoloi<\/td>\n<td style=\"border: 1px solid #ddd; padding: 12px;\">39<\/td>\n<td style=\"border: 1px solid #ddd; padding: 12px;\">57<\/td>\n<\/tr>\n<tr style=\"background-color: #0a4d4f;\">\n<td style=\"border: 1px solid #ddd; padding: 12px;\">Stalos<\/td>\n<td style=\"border: 1px solid #ddd; padding: 12px;\">41<\/td>\n<td style=\"border: 1px solid #ddd; padding: 12px;\">58<\/td>\n<\/tr>\n<tr>\n<td style=\"border: 1px solid #ddd; padding: 12px;\">Agia Marina<\/td>\n<td style=\"border: 1px solid #ddd; padding: 12px;\">42<\/td>\n<td style=\"border: 1px solid #ddd; padding: 12px;\">61<\/td>\n<\/tr>\n<tr style=\"background-color: #0a4d4f;\">\n<td style=\"border: 1px solid #ddd; padding: 12px;\">Platanias<\/td>\n<td style=\"border: 1px solid #ddd; padding: 12px;\">43<\/td>\n<td style=\"border: 1px solid #ddd; padding: 12px;\">62<\/td>\n<\/tr>\n<tr>\n<td style=\"border: 1px solid #ddd; padding: 12px;\">Gerani<\/td>\n<td style=\"border: 1px solid #ddd; padding: 12px;\">45<\/td>\n<td style=\"border: 1px solid #ddd; padding: 12px;\">68<\/td>\n<\/tr>\n<tr style=\"background-color: #0a4d4f;\">\n<td style=\"border: 1px solid #ddd; padding: 12px;\">Maleme<\/td>\n<td style=\"border: 1px solid #ddd; padding: 12px;\">49<\/td>\n<td style=\"border: 1px solid #ddd; padding: 12px;\">70<\/td>\n<\/tr>\n<tr>\n<td style=\"border: 1px solid #ddd; padding: 12px;\">Manousakis Winery<\/td>\n<td style=\"border: 1px solid #ddd; padding: 12px;\">30<\/td>\n<td style=\"border: 1px solid #ddd; padding: 12px;\">45<\/td>\n<\/tr>\n<tr style=\"background-color: #0a4d4f;\">\n<td style=\"border: 1px solid #ddd; padding: 12px;\">Tavronitis<\/td>\n<td style=\"border: 1px solid #ddd; padding: 12px;\">56<\/td>\n<td style=\"border: 1px solid #ddd; padding: 12px;\">75<\/td>\n<\/tr>\n<tr>\n<td style=\"border: 1px solid #ddd; padding: 12px;\">Kolymvari<\/td>\n<td style=\"border: 1px solid #ddd; padding: 12px;\">60<\/td>\n<td style=\"border: 1px solid #ddd; padding: 12px;\">80<\/td>\n<\/tr>\n<tr style=\"background-color: #0a4d4f;\">\n<td style=\"border: 1px solid #ddd; padding: 12px;\">Kissamos<\/td>\n<td style=\"border: 1px solid #ddd; padding: 12px;\">79<\/td>\n<td style=\"border: 1px solid #ddd; padding: 12px;\">110<\/td>\n<\/tr>\n<tr>\n<td style=\"border: 1px solid #ddd; padding: 12px;\">Kalives<\/td>\n<td style=\"border: 1px solid #ddd; padding: 12px;\">41<\/td>\n<td style=\"border: 1px solid #ddd; padding: 12px;\">60<\/td>\n<\/tr>\n<tr style=\"background-color: #0a4d4f;\">\n<td style=\"border: 1px solid #ddd; padding: 12px;\">Giorgioupoli<\/td>\n<td style=\"border: 1px solid #ddd; padding: 12px;\">65<\/td>\n<td style=\"border: 1px solid #ddd; padding: 12px;\">97<\/td>\n<\/tr>\n<tr>\n<td style=\"border: 1px solid #ddd; padding: 12px;\">Rethimno<\/td>\n<td style=\"border: 1px solid #ddd; padding: 12px;\">100<\/td>\n<td style=\"border: 1px solid #ddd; padding: 12px;\">145<\/td>\n<\/tr>\n<tr style=\"background-color: #0a4d4f;\">\n<td style=\"border: 1px solid #ddd; padding: 12px;\">Herakleion<\/td>\n<td style=\"border: 1px solid #ddd; padding: 12px;\">190<\/td>\n<td style=\"border: 1px solid #ddd; padding: 12px;\">255<\/td>\n<\/tr>\n<tr>\n<td style=\"border: 1px solid #ddd; padding: 12px;\">Paliochora<\/td>\n<td style=\"border: 1px solid #ddd; padding: 12px;\">120<\/td>\n<td style=\"border: 1px solid #ddd; padding: 12px;\">175<\/td>\n<\/tr>\n<tr style=\"background-color: #0a4d4f;\">\n<td style=\"border: 1px solid #ddd; padding: 12px;\">Sfakia<\/td>\n<td style=\"border: 1px solid #ddd; padding: 12px;\">109<\/td>\n<td style=\"border: 1px solid #ddd; padding: 12px;\">152<\/td>\n<\/tr>\n<tr>\n<td style=\"border: 1px solid #ddd; padding: 12px;\">Agia Galini<\/td>\n<td style=\"border: 1px solid #ddd; padding: 12px;\">160<\/td>\n<td style=\"border: 1px solid #ddd; padding: 12px;\">225<\/td>\n<\/tr>\n<tr style=\"background-color: #0a4d4f;\">\n<td style=\"border: 1px solid #ddd; padding: 12px;\">Falasarna<\/td>\n<td style=\"border: 1px solid #ddd; padding: 12px;\">98<\/td>\n<td style=\"border: 1px solid #ddd; padding: 12px;\">138<\/td>\n<\/tr>\n<tr>\n<td style=\"border: 1px solid #ddd; padding: 12px;\">Sougia<\/td>\n<td style=\"border: 1px solid #ddd; padding: 12px;\">110<\/td>\n<td style=\"border: 1px solid #ddd; padding: 12px;\">155<\/td>\n<\/tr>\n<\/tbody>\n<\/table>\t\t\t\t<\/div>\n\t\t\t\t<\/div>\n\t\t\t\t\t<\/div>\n\t\t\t\t<\/div>\n\t\t\t\t<\/div>","protected":false},"excerpt":{"rendered":"<p>Pricelist Here you can see indicative prices for transfers to and from Chania Airport. And don&#8217;t forget!!Book a round-trip transfer and get a 10% discount on the return trip. Make your booking through the form Book your Ride!! Click Here Destination Taxi (&euro;) \ud83d\ude96 Van (&euro;) \ud83d\ude8c Chania city 30 45 Chrisi Akti 38 57 [&hellip;]<\/p>\n","protected":false},"author":1,"featured_media":24890,"parent":0,"menu_order":0,"comment_status":"closed","ping_status":"closed","template":"elementor_header_footer","meta":{"footnotes":""},"categories":[],"tags":[],"class_list":["post-25298","page","type-page","status-publish","has-post-thumbnail","hentry"],"_links":{"self":[{"href":"https:\/\/chaniataxinow.gr\/fr\/wp-json\/wp\/v2\/pages\/25298","targetHints":{"allow":["GET"]}}],"collection":[{"href":"https:\/\/chaniataxinow.gr\/fr\/wp-json\/wp\/v2\/pages"}],"about":[{"href":"https:\/\/chaniataxinow.gr\/fr\/wp-json\/wp\/v2\/types\/page"}],"author":[{"embeddable":true,"href":"https:\/\/chaniataxinow.gr\/fr\/wp-json\/wp\/v2\/users\/1"}],"replies":[{"embeddable":true,"href":"https:\/\/chaniataxinow.gr\/fr\/wp-json\/wp\/v2\/comments?post=25298"}],"version-history":[{"count":16,"href":"https:\/\/chaniataxinow.gr\/fr\/wp-json\/wp\/v2\/pages\/25298\/revisions"}],"predecessor-version":[{"id":26931,"href":"https:\/\/chaniataxinow.gr\/fr\/wp-json\/wp\/v2\/pages\/25298\/revisions\/26931"}],"wp:featuredmedia":[{"embeddable":true,"href":"https:\/\/chaniataxinow.gr\/fr\/wp-json\/wp\/v2\/media\/24890"}],"wp:attachment":[{"href":"https:\/\/chaniataxinow.gr\/fr\/wp-json\/wp\/v2\/media?parent=25298"}],"wp:term":[{"taxonomy":"category","embeddable":true,"href":"https:\/\/chaniataxinow.gr\/fr\/wp-json\/wp\/v2\/categories?post=25298"},{"taxonomy":"post_tag","embeddable":true,"href":"https:\/\/chaniataxinow.gr\/fr\/wp-json\/wp\/v2\/tags?post=25298"}],"curies":[{"name":"wp","href":"https:\/\/api.w.org\/{rel}","templated":true}]}}