{"id":25891,"date":"2025-03-21T15:43:25","date_gmt":"2025-03-21T13:43:25","guid":{"rendered":"https:\/\/chaniataxinow.gr\/?page_id=25891"},"modified":"2026-02-16T17:18:07","modified_gmt":"2026-02-16T15:18:07","slug":"charma-brewery","status":"publish","type":"page","link":"https:\/\/chaniataxinow.gr\/fi\/charma-brewery\/","title":{"rendered":"charma brewery"},"content":{"rendered":"<div data-elementor-type=\"wp-page\" data-elementor-id=\"25891\" class=\"elementor elementor-25891\" data-elementor-post-type=\"page\">\n\t\t\t\t<div class=\"elementor-element elementor-element-29a329e e-flex e-con-boxed e-con e-parent\" data-id=\"29a329e\" data-element_type=\"container\" data-e-type=\"container\" data-settings=\"{&quot;background_background&quot;:&quot;classic&quot;}\">\n\t\t\t\t\t<div class=\"e-con-inner\">\n\t\t<div class=\"elementor-element elementor-element-9aabcbb e-con-full e-flex e-con e-child\" data-id=\"9aabcbb\" data-element_type=\"container\" data-e-type=\"container\">\n\t\t\t\t<div class=\"elementor-element elementor-element-13a2ecd elementor-widget elementor-widget-heading\" data-id=\"13a2ecd\" data-element_type=\"widget\" data-e-type=\"widget\" data-widget_type=\"heading.default\">\n\t\t\t\t<div class=\"elementor-widget-container\">\n\t\t\t\t\t<h1 class=\"elementor-heading-title elementor-size-default\"> charma brewery<\/h1>\t\t\t\t<\/div>\n\t\t\t\t<\/div>\n\t\t\t\t<div class=\"elementor-element elementor-element-2cf750e2 elementor-widget elementor-widget-heading\" data-id=\"2cf750e2\" data-element_type=\"widget\" data-e-type=\"widget\" data-widget_type=\"heading.default\">\n\t\t\t\t<div class=\"elementor-widget-container\">\n\t\t\t\t\t<h3 class=\"elementor-heading-title elementor-size-default\">Olisimme Mielell\u00e4\u00e4n Auttaa Sinua<\/h3>\t\t\t\t<\/div>\n\t\t\t\t<\/div>\n\t\t<div class=\"elementor-element elementor-element-4aa4456 e-con-full e-flex e-con e-child\" data-id=\"4aa4456\" data-element_type=\"container\" data-e-type=\"container\">\n\t\t<div class=\"elementor-element elementor-element-6b933ae e-con-full e-flex e-con e-child\" data-id=\"6b933ae\" data-element_type=\"container\" data-e-type=\"container\">\n\t\t<div class=\"elementor-element elementor-element-2b461a2 e-con-full e-flex e-con e-child\" data-id=\"2b461a2\" data-element_type=\"container\" data-e-type=\"container\">\n\t\t\t\t<div class=\"elementor-element elementor-element-2f6aa4d elementor-hidden-tablet elementor-hidden-mobile elementor-widget elementor-widget-spacer\" data-id=\"2f6aa4d\" data-element_type=\"widget\" data-e-type=\"widget\" data-widget_type=\"spacer.default\">\n\t\t\t\t<div class=\"elementor-widget-container\">\n\t\t\t\t\t\t\t<div class=\"elementor-spacer\">\n\t\t\t<div class=\"elementor-spacer-inner\"><\/div>\n\t\t<\/div>\n\t\t\t\t\t\t<\/div>\n\t\t\t\t<\/div>\n\t\t\t\t<div class=\"elementor-element elementor-element-76c278e elementor-widget elementor-widget-text-editor\" data-id=\"76c278e\" data-element_type=\"widget\" data-e-type=\"widget\" data-widget_type=\"text-editor.default\">\n\t\t\t\t<div class=\"elementor-widget-container\">\n\t\t\t\t\t\t\t\t\t<p data-start=\"122\" data-end=\"454\"><strong data-start=\"122\" data-end=\"230\">Experience the refreshing spirit of Crete at Charma Brewery \u2014 where craft meets character in every pint.<\/strong> Located in the verdant village of Zounaki, just outside Chania, Charma Brewery offers a unique journey into the world of authentic, unfiltered beer, brewed with pure spring water and a deep respect for nature and tradition.<\/p><p data-start=\"456\" data-end=\"749\">Step inside the modern yet inviting brewery, where small-batch brewing techniques bring out bold aromas, rich textures, and the true essence of Cretan terroir. From crisp lagers to hoppy ales, every beer is crafted with care, offering a taste that is as fresh and vibrant as the island itself.<\/p><p data-start=\"751\" data-end=\"993\">Whether you&#8217;re a beer enthusiast or simply curious to explore Crete beyond the ordinary, Charma Brewery welcomes you to relax in its peaceful garden, enjoy a guided tasting, and discover why real beer lovers always come back for one more sip.<\/p>\t\t\t\t\t\t\t\t<\/div>\n\t\t\t\t<\/div>\n\t\t\t\t<div class=\"elementor-element elementor-element-ff74e34 elementor-widget elementor-widget-heading\" data-id=\"ff74e34\" data-element_type=\"widget\" data-e-type=\"widget\" data-widget_type=\"heading.default\">\n\t\t\t\t<div class=\"elementor-widget-container\">\n\t\t\t\t\t<h2 class=\"elementor-heading-title elementor-size-default\">cost: from 45\u20ac (one way)<\/h2>\t\t\t\t<\/div>\n\t\t\t\t<\/div>\n\t\t\t\t<div class=\"elementor-element elementor-element-da83bb6 elementor-widget elementor-widget-heading\" data-id=\"da83bb6\" data-element_type=\"widget\" data-e-type=\"widget\" data-widget_type=\"heading.default\">\n\t\t\t\t<div class=\"elementor-widget-container\">\n\t\t\t\t\t<h2 class=\"elementor-heading-title elementor-size-default\">Valitse kiertue haluat Matkat-osiossa ja lis\u00e4t\u00e4 pickup osoite.\nOtamme sinuun yhteytt\u00e4 mahdollisimman pian tarjouksen.\n\nVaihtoehtoisesti, ota rohkeasti yhteytt\u00e4 meihin kautta WhatsApp l\u00e4hett\u00e4m\u00e4ll\u00e4 meille seuraavat tiedot:\n<br>\nL\u00e4ht\u00f6p\u00e4iv\u00e4 ja-aika<br>\n\nMatkustajien m\u00e4\u00e4r\u00e4<br>\n\nKiertue olet kiinnostunut<\/h2>\t\t\t\t<\/div>\n\t\t\t\t<\/div>\n\t\t\t\t<\/div>\n\t\t<div class=\"elementor-element elementor-element-5c8cc7a e-con-full e-flex e-con e-child\" data-id=\"5c8cc7a\" data-element_type=\"container\" data-e-type=\"container\">\n\t\t\t\t<div class=\"elementor-element elementor-element-69b9659 elementor-hidden-tablet elementor-hidden-mobile elementor-widget elementor-widget-image\" data-id=\"69b9659\" data-element_type=\"widget\" data-e-type=\"widget\" data-widget_type=\"image.default\">\n\t\t\t\t<div class=\"elementor-widget-container\">\n\t\t\t\t\t\t\t\t\t\t\t\t\t\t\t<img fetchpriority=\"high\" decoding=\"async\" width=\"765\" height=\"733\" src=\"https:\/\/chaniataxinow.gr\/wp-content\/uploads\/2025\/03\/image-47.png\" class=\"attachment-full size-full wp-image-25893\" alt=\"\" srcset=\"https:\/\/chaniataxinow.gr\/wp-content\/uploads\/2025\/03\/image-47.png 765w, https:\/\/chaniataxinow.gr\/wp-content\/uploads\/2025\/03\/image-47-300x287.png 300w, https:\/\/chaniataxinow.gr\/wp-content\/uploads\/2025\/03\/image-47-13x12.png 13w, https:\/\/chaniataxinow.gr\/wp-content\/uploads\/2025\/03\/image-47-319x306.png 319w, https:\/\/chaniataxinow.gr\/wp-content\/uploads\/2025\/03\/image-47-556x533.png 556w\" sizes=\"(max-width: 765px) 100vw, 765px\" \/>\t\t\t\t\t\t\t\t\t\t\t\t\t\t\t<\/div>\n\t\t\t\t<\/div>\n\t\t\t\t<\/div>\n\t\t\t\t<\/div>\n\t\t\t\t<\/div>\n\t\t\t\t<div class=\"elementor-element elementor-element-e213b5f elementor-hidden-tablet elementor-hidden-mobile elementor-widget elementor-widget-spacer\" data-id=\"e213b5f\" data-element_type=\"widget\" data-e-type=\"widget\" data-widget_type=\"spacer.default\">\n\t\t\t\t<div class=\"elementor-widget-container\">\n\t\t\t\t\t\t\t<div class=\"elementor-spacer\">\n\t\t\t<div class=\"elementor-spacer-inner\"><\/div>\n\t\t<\/div>\n\t\t\t\t\t\t<\/div>\n\t\t\t\t<\/div>\n\t\t<div class=\"elementor-element elementor-element-a622059 e-grid e-con-full e-con e-child\" data-id=\"a622059\" data-element_type=\"container\" data-e-type=\"container\">\n\t\t\t\t<div class=\"elementor-element elementor-element-7f019e6 elementor-align-center elementor-widget elementor-widget-button\" data-id=\"7f019e6\" data-element_type=\"widget\" data-e-type=\"widget\" data-widget_type=\"button.default\">\n\t\t\t\t<div class=\"elementor-widget-container\">\n\t\t\t\t\t\t\t\t\t<div class=\"elementor-button-wrapper\">\n\t\t\t\t\t<a class=\"elementor-button elementor-button-link elementor-size-sm\" href=\"https:\/\/api.whatsapp.com\/send\/?phone=306984535585&#038;text&#038;type=phone_number&#038;app_absent=0\" target=\"_blank\" rel=\"noopener\">\n\t\t\t\t\t\t<span class=\"elementor-button-content-wrapper\">\n\t\t\t\t\t\t\t\t\t<span class=\"elementor-button-text\">Ota yhteytt\u00e4 Whatsapp<\/span>\n\t\t\t\t\t<\/span>\n\t\t\t\t\t<\/a>\n\t\t\t\t<\/div>\n\t\t\t\t\t\t\t\t<\/div>\n\t\t\t\t<\/div>\n\t\t\t\t<\/div>\n\t\t\t\t<\/div>\n\t\t\t\t\t<\/div>\n\t\t\t\t<\/div>\n\t\t\t\t<\/div>","protected":false},"excerpt":{"rendered":"<p>charma brewery We would Be Happy To Assist You Experience the refreshing spirit of Crete at Charma Brewery \u2014 where craft meets character in every pint. Located in the verdant village of Zounaki, just outside Chania, Charma Brewery offers a unique journey into the world of authentic, unfiltered beer, brewed with pure spring water and [&hellip;]<\/p>\n","protected":false},"author":1,"featured_media":25893,"parent":0,"menu_order":0,"comment_status":"closed","ping_status":"closed","template":"elementor_header_footer","meta":{"footnotes":""},"categories":[44,50],"tags":[],"class_list":["post-25891","page","type-page","status-publish","has-post-thumbnail","hentry","category-tours","category-winery-and-brewery"],"_links":{"self":[{"href":"https:\/\/chaniataxinow.gr\/fi\/wp-json\/wp\/v2\/pages\/25891","targetHints":{"allow":["GET"]}}],"collection":[{"href":"https:\/\/chaniataxinow.gr\/fi\/wp-json\/wp\/v2\/pages"}],"about":[{"href":"https:\/\/chaniataxinow.gr\/fi\/wp-json\/wp\/v2\/types\/page"}],"author":[{"embeddable":true,"href":"https:\/\/chaniataxinow.gr\/fi\/wp-json\/wp\/v2\/users\/1"}],"replies":[{"embeddable":true,"href":"https:\/\/chaniataxinow.gr\/fi\/wp-json\/wp\/v2\/comments?post=25891"}],"version-history":[{"count":29,"href":"https:\/\/chaniataxinow.gr\/fi\/wp-json\/wp\/v2\/pages\/25891\/revisions"}],"predecessor-version":[{"id":43361,"href":"https:\/\/chaniataxinow.gr\/fi\/wp-json\/wp\/v2\/pages\/25891\/revisions\/43361"}],"wp:featuredmedia":[{"embeddable":true,"href":"https:\/\/chaniataxinow.gr\/fi\/wp-json\/wp\/v2\/media\/25893"}],"wp:attachment":[{"href":"https:\/\/chaniataxinow.gr\/fi\/wp-json\/wp\/v2\/media?parent=25891"}],"wp:term":[{"taxonomy":"category","embeddable":true,"href":"https:\/\/chaniataxinow.gr\/fi\/wp-json\/wp\/v2\/categories?post=25891"},{"taxonomy":"post_tag","embeddable":true,"href":"https:\/\/chaniataxinow.gr\/fi\/wp-json\/wp\/v2\/tags?post=25891"}],"curies":[{"name":"wp","href":"https:\/\/api.w.org\/{rel}","templated":true}]}}